{"id":516,"date":"2025-04-30T16:18:16","date_gmt":"2025-04-30T16:18:16","guid":{"rendered":"https:\/\/bostonpanypizza-ij4dax9uli.live-website.com\/about\/"},"modified":"2025-06-16T01:18:26","modified_gmt":"2025-06-16T01:18:26","slug":"sobre-nosotros","status":"publish","type":"page","link":"https:\/\/bostonpanypizza.com\/en\/sobre-nosotros\/","title":{"rendered":"Mission"},"content":{"rendered":"<div class=\"wp-block-uagb-container uagb-block-d31c6877 alignfull uagb-is-root-container\"><div class=\"uagb-container-inner-blocks-wrap\">\n<div class=\"wp-block-uagb-advanced-heading uagb-block-a1aeb7d8\"><h2 class=\"uagb-heading-text\"><strong>About Us<\/strong><\/h2><\/div>\n<\/div><\/div>\n\n\n\n<div class=\"wp-block-uagb-container uagb-layout-grid uagb-block-53658cff alignfull uagb-is-root-container\"><div class=\"uagb-container-inner-blocks-wrap\">\n<div class=\"wp-block-uagb-advanced-heading uagb-block-0f7d3b9e\"><h5 class=\"uagb-heading-text\"><strong>We bake with passion, serve with purpose, and grow alongside you.<\/strong><\/h5><\/div>\n\n\n\n<div class=\"wp-block-uagb-advanced-heading uagb-block-f31f38cb\"><h3 class=\"uagb-heading-text\">We, the founders, met as students chatting over bagels in caf\u00e9s along the East Coast of the United States.<\/h3><p class=\"uagb-desc-text\"><br>After settling in Costa Rica in 1997, we became pioneers in promoting bagels and opened Boston Bagel, the first bagel bakery in the country. Over time, we expanded our lineup with other breads more familiar to Costa Rican cuisine. Thanks to the quality of our products and service, demand grew\u2014especially for formats that simplify final preparation for consumers. We developed frozen dough presentations for pizza and bread, raw or par-baked. In just minutes, you can enjoy a freshly baked product.<br>&nbsp;<br>In 2012, we began exporting our products to the rest of Central America.<\/p><\/div>\n<\/div><\/div>\n\n\n\n<div class=\"wp-block-uagb-container uagb-layout-grid uagb-block-bb113932 alignfull uagb-is-root-container\">\t\t\t\t\t<div\n\t\t\t\t\t\tclass=\"wp-block-uagb-image-gallery uagb-block-2615e2e0\"\n\t\t\t\t\t\tstyle=\"\"\n\t\t\t\t\t>\n\t\t\t\t\t\t\t\t\t\t\t<div class=\"spectra-image-gallery spectra-image-gallery__layout--carousel\">\n\t\t\t\t\t\t\t\t<div class=\"uagb-slick-carousel uagb-block-2615e2e0\">\n\t\t\t\t\t\t\t\t\t\t\t\t<div class='spectra-image-gallery__media-wrapper' data-spectra-gallery-image-id='2384'>\n\t\t\t\t\t\t\t<div class=\"spectra-image-gallery__media spectra-image-gallery__media--carousel\">\n\t\t\t\t<picture>\n\t\t\t\t\t<source media=\"(min-width: 1024px)\" srcset=\"https:\/\/bostonpanypizza-ij4dax9uli.live-website.com\/wp-content\/uploads\/2025\/05\/reportaje-boston-bagel-1_1.png\">\n\t\t\t\t\t<source media=\"(min-width: 768px)\" srcset=\"https:\/\/bostonpanypizza-ij4dax9uli.live-website.com\/wp-content\/uploads\/2025\/05\/reportaje-boston-bagel-1_1.png\">\n\t\t\t\t\t<img decoding=\"async\" class=\"spectra-image-gallery__media-thumbnail spectra-image-gallery__media-thumbnail--carousel\" src=\"https:\/\/bostonpanypizza-ij4dax9uli.live-website.com\/wp-content\/uploads\/2025\/05\/reportaje-boston-bagel-1_1-284x300.png\" alt=\"\" loading=\"lazy\" \/>\n\t\t\t\t<\/picture>\n\t\t\t\t<div class=\"spectra-image-gallery__media-thumbnail-blurrer\"><\/div>\n\t\t\t\t\t\t\t\t\t\t\t<div class=\"spectra-image-gallery__media-thumbnail-caption-wrapper spectra-image-gallery__media-thumbnail-caption-wrapper--overlay\"><\/div>\n\t\t\t\t\t\t\t\t<\/div>\n\t\t\t\t\t\t<\/div>\n\t\t\t\t\t\t<div class='spectra-image-gallery__media-wrapper' data-spectra-gallery-image-id='2385'>\n\t\t\t\t\t\t\t<div class=\"spectra-image-gallery__media spectra-image-gallery__media--carousel\">\n\t\t\t\t<picture>\n\t\t\t\t\t<source media=\"(min-width: 1024px)\" srcset=\"https:\/\/bostonpanypizza-ij4dax9uli.live-website.com\/wp-content\/uploads\/2025\/05\/reportaje-boston-bagel-1.png\">\n\t\t\t\t\t<source media=\"(min-width: 768px)\" srcset=\"https:\/\/bostonpanypizza-ij4dax9uli.live-website.com\/wp-content\/uploads\/2025\/05\/reportaje-boston-bagel-1.png\">\n\t\t\t\t\t<img decoding=\"async\" class=\"spectra-image-gallery__media-thumbnail spectra-image-gallery__media-thumbnail--carousel\" src=\"https:\/\/bostonpanypizza-ij4dax9uli.live-website.com\/wp-content\/uploads\/2025\/05\/reportaje-boston-bagel-1-284x300.png\" alt=\"\" loading=\"lazy\" \/>\n\t\t\t\t<\/picture>\n\t\t\t\t<div class=\"spectra-image-gallery__media-thumbnail-blurrer\"><\/div>\n\t\t\t\t\t\t\t\t\t\t\t<div class=\"spectra-image-gallery__media-thumbnail-caption-wrapper spectra-image-gallery__media-thumbnail-caption-wrapper--overlay\"><\/div>\n\t\t\t\t\t\t\t\t<\/div>\n\t\t\t\t\t\t<\/div>\n\t\t\t\t\t\t\t\t\t\t\t<\/div>\n\t\t\t\t\t\t\t<\/div>\n\t\t\t\t\t\t\t\t\t\t\t<\/div>\n\t\t\t\t\t\t\t\t\t\n\n\t\t\t\t\t<div\n\t\t\t\t\t\tclass=\"wp-block-uagb-image-gallery uagb-block-35e0e485\"\n\t\t\t\t\t\tstyle=\"\"\n\t\t\t\t\t>\n\t\t\t\t\t\t\t\t\t\t\t<div class=\"spectra-image-gallery spectra-image-gallery__layout--carousel\">\n\t\t\t\t\t\t\t\t<div class=\"uagb-slick-carousel uagb-block-35e0e485\">\n\t\t\t\t\t\t\t\t\t\t\t\t<div class='spectra-image-gallery__media-wrapper' data-spectra-gallery-image-id='2188'>\n\t\t\t\t\t\t\t<div class=\"spectra-image-gallery__media spectra-image-gallery__media--carousel\">\n\t\t\t\t<picture>\n\t\t\t\t\t<source media=\"(min-width: 1024px)\" srcset=\"https:\/\/bostonpanypizza-ij4dax9uli.live-website.com\/wp-content\/uploads\/2025\/05\/muestra-1-1024x720.png\">\n\t\t\t\t\t<source media=\"(min-width: 768px)\" srcset=\"https:\/\/bostonpanypizza-ij4dax9uli.live-website.com\/wp-content\/uploads\/2025\/05\/muestra-1-1024x720.png\">\n\t\t\t\t\t<img decoding=\"async\" class=\"spectra-image-gallery__media-thumbnail spectra-image-gallery__media-thumbnail--carousel\" src=\"https:\/\/bostonpanypizza-ij4dax9uli.live-website.com\/wp-content\/uploads\/2025\/05\/muestra-1-300x211.png\" alt=\"\" loading=\"lazy\" \/>\n\t\t\t\t<\/picture>\n\t\t\t\t<div class=\"spectra-image-gallery__media-thumbnail-blurrer\"><\/div>\n\t\t\t\t\t\t\t\t\t\t\t<div class=\"spectra-image-gallery__media-thumbnail-caption-wrapper spectra-image-gallery__media-thumbnail-caption-wrapper--overlay\"><\/div>\n\t\t\t\t\t\t\t\t<\/div>\n\t\t\t\t\t\t<\/div>\n\t\t\t\t\t\t<div class='spectra-image-gallery__media-wrapper' data-spectra-gallery-image-id='2187'>\n\t\t\t\t\t\t\t<div class=\"spectra-image-gallery__media spectra-image-gallery__media--carousel\">\n\t\t\t\t<picture>\n\t\t\t\t\t<source media=\"(min-width: 1024px)\" srcset=\"https:\/\/bostonpanypizza-ij4dax9uli.live-website.com\/wp-content\/uploads\/2025\/05\/muestra-2-1024x720.png\">\n\t\t\t\t\t<source media=\"(min-width: 768px)\" srcset=\"https:\/\/bostonpanypizza-ij4dax9uli.live-website.com\/wp-content\/uploads\/2025\/05\/muestra-2-1024x720.png\">\n\t\t\t\t\t<img decoding=\"async\" class=\"spectra-image-gallery__media-thumbnail spectra-image-gallery__media-thumbnail--carousel\" src=\"https:\/\/bostonpanypizza-ij4dax9uli.live-website.com\/wp-content\/uploads\/2025\/05\/muestra-2-300x211.png\" alt=\"\" loading=\"lazy\" \/>\n\t\t\t\t<\/picture>\n\t\t\t\t<div class=\"spectra-image-gallery__media-thumbnail-blurrer\"><\/div>\n\t\t\t\t\t\t\t\t\t\t\t<div class=\"spectra-image-gallery__media-thumbnail-caption-wrapper spectra-image-gallery__media-thumbnail-caption-wrapper--overlay\"><\/div>\n\t\t\t\t\t\t\t\t<\/div>\n\t\t\t\t\t\t<\/div>\n\t\t\t\t\t\t<div class='spectra-image-gallery__media-wrapper' data-spectra-gallery-image-id='2186'>\n\t\t\t\t\t\t\t<div class=\"spectra-image-gallery__media spectra-image-gallery__media--carousel\">\n\t\t\t\t<picture>\n\t\t\t\t\t<source media=\"(min-width: 1024px)\" srcset=\"https:\/\/bostonpanypizza-ij4dax9uli.live-website.com\/wp-content\/uploads\/2025\/05\/muestra-3-1024x720.png\">\n\t\t\t\t\t<source media=\"(min-width: 768px)\" srcset=\"https:\/\/bostonpanypizza-ij4dax9uli.live-website.com\/wp-content\/uploads\/2025\/05\/muestra-3-1024x720.png\">\n\t\t\t\t\t<img decoding=\"async\" class=\"spectra-image-gallery__media-thumbnail spectra-image-gallery__media-thumbnail--carousel\" src=\"https:\/\/bostonpanypizza-ij4dax9uli.live-website.com\/wp-content\/uploads\/2025\/05\/muestra-3-300x211.png\" alt=\"\" loading=\"lazy\" \/>\n\t\t\t\t<\/picture>\n\t\t\t\t<div class=\"spectra-image-gallery__media-thumbnail-blurrer\"><\/div>\n\t\t\t\t\t\t\t\t\t\t\t<div class=\"spectra-image-gallery__media-thumbnail-caption-wrapper spectra-image-gallery__media-thumbnail-caption-wrapper--overlay\"><\/div>\n\t\t\t\t\t\t\t\t<\/div>\n\t\t\t\t\t\t<\/div>\n\t\t\t\t\t\t<div class='spectra-image-gallery__media-wrapper' data-spectra-gallery-image-id='2185'>\n\t\t\t\t\t\t\t<div class=\"spectra-image-gallery__media spectra-image-gallery__media--carousel\">\n\t\t\t\t<picture>\n\t\t\t\t\t<source media=\"(min-width: 1024px)\" srcset=\"https:\/\/bostonpanypizza-ij4dax9uli.live-website.com\/wp-content\/uploads\/2025\/05\/muestra-4-1024x720.png\">\n\t\t\t\t\t<source media=\"(min-width: 768px)\" srcset=\"https:\/\/bostonpanypizza-ij4dax9uli.live-website.com\/wp-content\/uploads\/2025\/05\/muestra-4-1024x720.png\">\n\t\t\t\t\t<img decoding=\"async\" class=\"spectra-image-gallery__media-thumbnail spectra-image-gallery__media-thumbnail--carousel\" src=\"https:\/\/bostonpanypizza-ij4dax9uli.live-website.com\/wp-content\/uploads\/2025\/05\/muestra-4-300x211.png\" alt=\"\" loading=\"lazy\" \/>\n\t\t\t\t<\/picture>\n\t\t\t\t<div class=\"spectra-image-gallery__media-thumbnail-blurrer\"><\/div>\n\t\t\t\t\t\t\t\t\t\t\t<div class=\"spectra-image-gallery__media-thumbnail-caption-wrapper spectra-image-gallery__media-thumbnail-caption-wrapper--overlay\"><\/div>\n\t\t\t\t\t\t\t\t<\/div>\n\t\t\t\t\t\t<\/div>\n\t\t\t\t\t\t\t\t\t\t\t<\/div>\n\t\t\t\t\t\t\t<\/div>\n\t\t\t\t\t\t\t\t\t\t\t<\/div>\n\t\t\t\t\t\t\t\t\t<\/div>\n\n\n\n<div class=\"wp-block-uagb-container uagb-block-1e25655b alignfull uagb-is-root-container\"><div class=\"uagb-container-inner-blocks-wrap\">\n<div class=\"wp-block-uagb-advanced-heading uagb-block-124bda3b\"><h2 class=\"uagb-heading-text\"><strong>We are specialists in breads and pizza<\/strong><\/h2><\/div>\n\n\n\n<div class=\"wp-block-uagb-container uagb-layout-grid uagb-block-5a402afd\">\n<div class=\"wp-block-uagb-advanced-heading uagb-block-fb808cf1 uag-blocks-common-selector\" style=\"--z-index-desktop:undefined;;--z-index-tablet:undefined;;--z-index-mobile:426;\"><h3 class=\"uagb-heading-text\"><strong>We support businesses with honest products, made by expert hands.<\/strong><\/h3><\/div>\n\n\n\n<div class=\"wp-block-uagb-advanced-heading uagb-block-397f5c05\"><h3 class=\"uagb-heading-text\">The place where great baking meets your business.<br>Made with care, designed to grow with you.<\/h3><p class=\"uagb-desc-text\">We use recipes that work, quality ingredients, and processes that make your life easier. Whether you're looking to sell more or work smarter, here you\u2019ll find a partner who truly knows their craft.<\/p><\/div>\n<\/div>\n\n\n\n<div class=\"wp-block-columns is-layout-flex wp-container-core-columns-is-layout-701c2d95 wp-block-columns-is-layout-flex\" style=\"padding-top:var(--wp--preset--spacing--80);padding-bottom:var(--wp--preset--spacing--80)\">\n<div class=\"wp-block-column is-layout-flow wp-block-column-is-layout-flow\">      \n\t\t\t<div class=\"uagb-icon-wrapper uagb-block-68d2e56a\"\n\t\t\tstyle=\"\" >\n\t\t\t\t\t\t\t\t\t<span class=\"uagb-svg-wrapper\" \n\t\t\t\t\t aria-label=\"circle-check\"\t\t\t\t\ttabindex=\"0\">\t\t\n\t\t\t\t\t\t\t\t\t\t<svg xmlns=\"https:\/\/www.w3.org\/2000\/svg\" viewbox= \"0 0 512 512\" role=\"graphics-symbol\" aria-hidden=\"false\" aria-label=\"\"><path d=\"M0 256C0 114.6 114.6 0 256 0C397.4 0 512 114.6 512 256C512 397.4 397.4 512 256 512C114.6 512 0 397.4 0 256zM371.8 211.8C382.7 200.9 382.7 183.1 371.8 172.2C360.9 161.3 343.1 161.3 332.2 172.2L224 280.4L179.8 236.2C168.9 225.3 151.1 225.3 140.2 236.2C129.3 247.1 129.3 264.9 140.2 275.8L204.2 339.8C215.1 350.7 232.9 350.7 243.8 339.8L371.8 211.8z\"><\/path><\/svg>\n\t\t\t\t\t\t\t\t\t<\/span>\n\t\t\t\t\t\t\t<\/div>\n\t\t\t\n\n\n<h4 class=\"wp-block-heading has-text-align-center\">Mission <\/h4>\n\n\n\n<p class=\"has-text-align-center\">Large-scale manufacturing of safe, high-quality bakery products for both domestic and international markets, through our comprehensive and efficient quality management system, with the goal of meeting our customers' expectations.<\/p>\n<\/div>\n\n\n\n<div class=\"wp-block-column is-layout-flow wp-block-column-is-layout-flow\">      \n\t\t\t<div class=\"uagb-icon-wrapper uagb-block-43ab534c\"\n\t\t\tstyle=\"\" >\n\t\t\t\t\t\t\t\t\t<span class=\"uagb-svg-wrapper\" \n\t\t\t\t\t aria-label=\"circle-check\"\t\t\t\t\ttabindex=\"0\">\t\t\n\t\t\t\t\t\t\t\t\t\t<svg xmlns=\"https:\/\/www.w3.org\/2000\/svg\" viewbox= \"0 0 512 512\" role=\"graphics-symbol\" aria-hidden=\"false\" aria-label=\"\"><path d=\"M0 256C0 114.6 114.6 0 256 0C397.4 0 512 114.6 512 256C512 397.4 397.4 512 256 512C114.6 512 0 397.4 0 256zM371.8 211.8C382.7 200.9 382.7 183.1 371.8 172.2C360.9 161.3 343.1 161.3 332.2 172.2L224 280.4L179.8 236.2C168.9 225.3 151.1 225.3 140.2 236.2C129.3 247.1 129.3 264.9 140.2 275.8L204.2 339.8C215.1 350.7 232.9 350.7 243.8 339.8L371.8 211.8z\"><\/path><\/svg>\n\t\t\t\t\t\t\t\t\t<\/span>\n\t\t\t\t\t\t\t<\/div>\n\t\t\t\n\n\n<h4 class=\"wp-block-heading has-text-align-center\">Vision<\/h4>\n\n\n\n<p class=\"has-text-align-center\">To be a growing bakery food manufacturing company, grounded in quality and production standards, in order to meet the evolving demands of our clients.&nbsp;<\/p>\n<\/div>\n<\/div>\n<\/div><\/div>\n\n\n\n<div class=\"wp-block-media-text is-stacked-on-mobile\" style=\"padding-top:var(--wp--preset--spacing--80);padding-bottom:var(--wp--preset--spacing--80);grid-template-columns:38% auto\"><figure class=\"wp-block-media-text__media\"><img loading=\"lazy\" decoding=\"async\" width=\"768\" height=\"810\" src=\"https:\/\/bostonpanypizza-ij4dax9uli.live-website.com\/wp-content\/uploads\/2025\/05\/muestra-6.png\" alt=\"\" class=\"wp-image-2183 size-full\" srcset=\"https:\/\/bostonpanypizza.com\/wp-content\/uploads\/2025\/05\/muestra-6.png 768w, https:\/\/bostonpanypizza.com\/wp-content\/uploads\/2025\/05\/muestra-6-284x300.png 284w\" sizes=\"auto, (max-width: 768px) 100vw, 768px\" \/><\/figure><div class=\"wp-block-media-text__content\">\n<p class=\"has-ast-global-color-1-color has-text-color has-link-color has-medium-font-size wp-elements-70821a1012cd9dae554e8abd9eaee84c\"><strong>We produce under high standards of quality and food safety.<\/strong><\/p>\n\n\n\n<p>At Corfein Internacional, the quality and safety of our products are not just a promise\u2014they are a responsibility backed by SQF (Safe Quality Food) certification, one of the most rigorous international standards for food safety.<\/p>\n\n\n\n<p>This certification ensures that all of our processes\u2014from raw material reception to final product distribution\u2014adhere to strict controls on hygiene, traceability, and safe food handling. We operate under a food safety management system based on the preventive approach of HACCP (Hazard Analysis and Critical Control Points), combined with Good Manufacturing Practices (GMP) and a rigorous continuous improvement plan.<\/p>\n\n\n\n<p>Our quality team continuously conducts internal audits, staff training, and standards verification to ensure that every product leaving our facilities is safe, trustworthy, and of the highest quality.<\/p>\n\n\n\n<p>Choosing our products means choosing responsible food manufacturing that\u2019s fully committed to consumer safety.<\/p>\n<\/div><\/div>\n\n\n\n<p><\/p>","protected":false},"excerpt":{"rendered":"<p>Sobre Nosotros Horneamos con pasi\u00f3n, servimos con prop\u00f3sito y crecemos contigo. Nosotros, los fundadores, nos conocimos como estudiantes conversando en cafeter\u00edas de bagels en la costa este de los Estados Unidos. Al establecernos en Costa Rica, en 1997, fuimos pioneros en promover bagels y abrimos Boston Bagel, la primera panader\u00eda de bagels en Costa Rica. [&hellip;]<\/p>","protected":false},"author":1,"featured_media":0,"parent":0,"menu_order":0,"comment_status":"closed","ping_status":"closed","template":"","meta":{"_uag_custom_page_level_css":"","site-sidebar-layout":"no-sidebar","site-content-layout":"plain-container","ast-site-content-layout":"normal-width-container","site-content-style":"unboxed","site-sidebar-style":"unboxed","ast-global-header-display":"","ast-banner-title-visibility":"","ast-main-header-display":"","ast-hfb-above-header-display":"","ast-hfb-below-header-display":"","ast-hfb-mobile-header-display":"","site-post-title":"disabled","ast-breadcrumbs-content":"","ast-featured-img":"disabled","footer-sml-layout":"","ast-disable-related-posts":"","theme-transparent-header-meta":"enabled","adv-header-id-meta":"","stick-header-meta":"","header-above-stick-meta":"","header-main-stick-meta":"","header-below-stick-meta":"","astra-migrate-meta-layouts":"set","ast-page-background-enabled":"default","ast-page-background-meta":{"desktop":{"background-color":"","background-image":"","background-repeat":"repeat","background-position":"center center","background-size":"auto","background-attachment":"scroll","background-type":"","background-media":"","overlay-type":"","overlay-color":"","overlay-opacity":"","overlay-gradient":""},"tablet":{"background-color":"","background-image":"","background-repeat":"repeat","background-position":"center center","background-size":"auto","background-attachment":"scroll","background-type":"","background-media":"","overlay-type":"","overlay-color":"","overlay-opacity":"","overlay-gradient":""},"mobile":{"background-color":"","background-image":"","background-repeat":"repeat","background-position":"center center","background-size":"auto","background-attachment":"scroll","background-type":"","background-media":"","overlay-type":"","overlay-color":"","overlay-opacity":"","overlay-gradient":""}},"ast-content-background-meta":{"desktop":{"background-color":"var(--ast-global-color-5)","background-image":"","background-repeat":"repeat","background-position":"center center","background-size":"auto","background-attachment":"scroll","background-type":"","background-media":"","overlay-type":"","overlay-color":"","overlay-opacity":"","overlay-gradient":""},"tablet":{"background-color":"var(--ast-global-color-5)","background-image":"","background-repeat":"repeat","background-position":"center center","background-size":"auto","background-attachment":"scroll","background-type":"","background-media":"","overlay-type":"","overlay-color":"","overlay-opacity":"","overlay-gradient":""},"mobile":{"background-color":"var(--ast-global-color-5)","background-image":"","background-repeat":"repeat","background-position":"center center","background-size":"auto","background-attachment":"scroll","background-type":"","background-media":"","overlay-type":"","overlay-color":"","overlay-opacity":"","overlay-gradient":""}},"footnotes":""},"class_list":["post-516","page","type-page","status-publish","hentry"],"aioseo_notices":[],"uagb_featured_image_src":{"full":false,"thumbnail":false,"medium":false,"medium_large":false,"large":false,"1536x1536":false,"2048x2048":false,"trp-custom-language-flag":false},"uagb_author_info":{"display_name":"alejandrorojassimancas@gmail.com","author_link":"https:\/\/bostonpanypizza.com\/en\/author\/alejandrorojassimancasgmail-com\/"},"uagb_comment_info":0,"uagb_excerpt":"Sobre Nosotros Horneamos con pasi\u00f3n, servimos con prop\u00f3sito y crecemos contigo. Nosotros, los fundadores, nos conocimos como estudiantes conversando en cafeter\u00edas de bagels en la costa este de los Estados Unidos. Al establecernos en Costa Rica, en 1997, fuimos pioneros en promover bagels y abrimos Boston Bagel, la primera panader\u00eda de bagels en Costa Rica.&hellip;","_links":{"self":[{"href":"https:\/\/bostonpanypizza.com\/en\/wp-json\/wp\/v2\/pages\/516","targetHints":{"allow":["GET"]}}],"collection":[{"href":"https:\/\/bostonpanypizza.com\/en\/wp-json\/wp\/v2\/pages"}],"about":[{"href":"https:\/\/bostonpanypizza.com\/en\/wp-json\/wp\/v2\/types\/page"}],"author":[{"embeddable":true,"href":"https:\/\/bostonpanypizza.com\/en\/wp-json\/wp\/v2\/users\/1"}],"replies":[{"embeddable":true,"href":"https:\/\/bostonpanypizza.com\/en\/wp-json\/wp\/v2\/comments?post=516"}],"version-history":[{"count":33,"href":"https:\/\/bostonpanypizza.com\/en\/wp-json\/wp\/v2\/pages\/516\/revisions"}],"predecessor-version":[{"id":2409,"href":"https:\/\/bostonpanypizza.com\/en\/wp-json\/wp\/v2\/pages\/516\/revisions\/2409"}],"wp:attachment":[{"href":"https:\/\/bostonpanypizza.com\/en\/wp-json\/wp\/v2\/media?parent=516"}],"curies":[{"name":"wp","href":"https:\/\/api.w.org\/{rel}","templated":true}]}}